{"id":2693,"date":"2022-03-11T21:02:39","date_gmt":"2022-03-11T21:02:39","guid":{"rendered":"https:\/\/immodev.cp03.id-3.net\/our-team\/caroline-corriveau\/"},"modified":"2024-06-05T12:33:36","modified_gmt":"2024-06-05T16:33:36","slug":"caroline-corriveau","status":"publish","type":"page","link":"https:\/\/www.immodev.ca\/en\/our-team\/caroline-corriveau\/","title":{"rendered":"Caroline Corriveau"},"content":{"rendered":"\t\t<div data-elementor-type=\"wp-page\" data-elementor-id=\"2693\" class=\"elementor elementor-2693 elementor-2655\" data-elementor-post-type=\"page\">\n\t\t\t\t\t\t<section class=\"elementor-section elementor-top-section elementor-element elementor-element-415d9f9 elementor-section-height-min-height elementor-section-boxed elementor-section-height-default elementor-section-items-middle\" data-id=\"415d9f9\" data-element_type=\"section\" data-settings=\"{&quot;background_background&quot;:&quot;classic&quot;}\">\n\t\t\t\t\t\t\t<div class=\"elementor-background-overlay\"><\/div>\n\t\t\t\t\t\t\t<div class=\"elementor-container elementor-column-gap-default\">\n\t\t\t\t\t<div class=\"elementor-column elementor-col-100 elementor-top-column elementor-element elementor-element-38f6e3c\" data-id=\"38f6e3c\" data-element_type=\"column\">\n\t\t\t<div class=\"elementor-widget-wrap elementor-element-populated\">\n\t\t\t\t\t\t<div class=\"elementor-element elementor-element-9282f7d elementor-widget elementor-widget-heading\" data-id=\"9282f7d\" data-element_type=\"widget\" data-widget_type=\"heading.default\">\n\t\t\t\t<div class=\"elementor-widget-container\">\n\t\t\t\t\t<h1 class=\"elementor-heading-title elementor-size-default\">Caroline Corriveau<\/h1>\t\t\t\t<\/div>\n\t\t\t\t<\/div>\n\t\t\t\t<div class=\"elementor-element elementor-element-303fcf3 elementor-widget elementor-widget-text-editor\" data-id=\"303fcf3\" data-element_type=\"widget\" data-widget_type=\"text-editor.default\">\n\t\t\t\t<div class=\"elementor-widget-container\">\n\t\t\t\t\t\t\t\t\tExecutive assistant\t\t\t\t\t\t\t\t<\/div>\n\t\t\t\t<\/div>\n\t\t\t\t\t<\/div>\n\t\t<\/div>\n\t\t\t\t\t<\/div>\n\t\t<\/section>\n\t\t\t\t<section class=\"elementor-section elementor-top-section elementor-element elementor-element-2784910 elementor-section-boxed elementor-section-height-default elementor-section-height-default\" data-id=\"2784910\" data-element_type=\"section\">\n\t\t\t\t\t\t<div class=\"elementor-container elementor-column-gap-default\">\n\t\t\t\t\t<div class=\"elementor-column elementor-col-100 elementor-top-column elementor-element elementor-element-0d58217\" data-id=\"0d58217\" data-element_type=\"column\">\n\t\t\t<div class=\"elementor-widget-wrap elementor-element-populated\">\n\t\t\t\t\t\t<section class=\"elementor-section elementor-inner-section elementor-element elementor-element-983c8b6 elementor-reverse-mobile elementor-section-boxed elementor-section-height-default elementor-section-height-default\" data-id=\"983c8b6\" data-element_type=\"section\">\n\t\t\t\t\t\t<div class=\"elementor-container elementor-column-gap-default\">\n\t\t\t\t\t<div class=\"elementor-column elementor-col-66 elementor-inner-column elementor-element elementor-element-9607b20\" data-id=\"9607b20\" data-element_type=\"column\">\n\t\t\t<div class=\"elementor-widget-wrap elementor-element-populated\">\n\t\t\t\t\t\t<div class=\"elementor-element elementor-element-8a6f45b elementor-widget elementor-widget-text-editor\" data-id=\"8a6f45b\" data-element_type=\"widget\" data-widget_type=\"text-editor.default\">\n\t\t\t\t<div class=\"elementor-widget-container\">\n\t\t\t\t\t\t\t\t\tCaroline&#8217;s experience in management and administration is an undeniable asset in achieving the goals of our team, so that each project reaches our customers satisafaction. Proactive and positive, she takes charge of coordinating aspects of our clients real estate transactions.\r\n\r\nCaroline&#8217;s rigor and organizational skills are an asset in meeting your expectations. Her attention to detail and people as well as her experience make her a trusted member of our team!\t\t\t\t\t\t\t\t<\/div>\n\t\t\t\t<\/div>\n\t\t\t\t<div class=\"elementor-element elementor-element-b1b946f button__animer elementor-widget elementor-widget-button\" data-id=\"b1b946f\" data-element_type=\"widget\" data-widget_type=\"button.default\">\n\t\t\t\t<div class=\"elementor-widget-container\">\n\t\t\t\t\t\t\t\t\t<div class=\"elementor-button-wrapper\">\n\t\t\t\t\t<a class=\"elementor-button elementor-button-link elementor-size-sm\" href=\"#elementor-action%3Aaction%3Dpopup%3Aopen%26settings%3DeyJpZCI6MjcwMiwidG9nZ2xlIjpmYWxzZX0%3D\">\n\t\t\t\t\t\t<span class=\"elementor-button-content-wrapper\">\n\t\t\t\t\t\t<span class=\"elementor-button-icon\">\n\t\t\t\t<i aria-hidden=\"true\" class=\"far fa-envelope\"><\/i>\t\t\t<\/span>\n\t\t\t\t\t\t\t\t\t<span class=\"elementor-button-text\">Send a message<\/span>\n\t\t\t\t\t<\/span>\n\t\t\t\t\t<\/a>\n\t\t\t\t<\/div>\n\t\t\t\t\t\t\t\t<\/div>\n\t\t\t\t<\/div>\n\t\t\t\t<div class=\"elementor-element elementor-element-cf20e59 elementor-align-left elementor-icon-list--layout-traditional elementor-list-item-link-full_width elementor-widget elementor-widget-icon-list\" data-id=\"cf20e59\" data-element_type=\"widget\" data-widget_type=\"icon-list.default\">\n\t\t\t\t<div class=\"elementor-widget-container\">\n\t\t\t\t\t\t\t<ul class=\"elementor-icon-list-items\">\n\t\t\t\t\t\t\t<li class=\"elementor-icon-list-item\">\n\t\t\t\t\t\t\t\t\t\t\t<a href=\"tel:4509752112\" target=\"_blank\" rel=\"nofollow\">\n\n\t\t\t\t\t\t\t\t\t\t\t\t<span class=\"elementor-icon-list-icon\">\n\t\t\t\t\t\t\t<i aria-hidden=\"true\" class=\"fas fa-mobile-alt\"><\/i>\t\t\t\t\t\t<\/span>\n\t\t\t\t\t\t\t\t\t\t<span class=\"elementor-icon-list-text\">450.975.2112 # 0<\/span>\n\t\t\t\t\t\t\t\t\t\t\t<\/a>\n\t\t\t\t\t\t\t\t\t<\/li>\n\t\t\t\t\t\t<\/ul>\n\t\t\t\t\t\t<\/div>\n\t\t\t\t<\/div>\n\t\t\t\t\t<\/div>\n\t\t<\/div>\n\t\t\t\t<div class=\"elementor-column elementor-col-33 elementor-inner-column elementor-element elementor-element-16d7133\" data-id=\"16d7133\" data-element_type=\"column\">\n\t\t\t<div class=\"elementor-widget-wrap elementor-element-populated\">\n\t\t\t\t\t\t<div class=\"elementor-element elementor-element-1281b77 elementor-widget elementor-widget-image\" data-id=\"1281b77\" data-element_type=\"widget\" data-widget_type=\"image.default\">\n\t\t\t\t<div class=\"elementor-widget-container\">\n\t\t\t\t\t\t\t\t\t\t\t\t\t\t\t<img fetchpriority=\"high\" decoding=\"async\" width=\"800\" height=\"800\" src=\"https:\/\/www.immodev.ca\/wp-content\/uploads\/2024\/06\/Creationsdoz-09146_Final-carrejpg-1024x1024.jpg\" class=\"attachment-large size-large wp-image-3511\" alt=\"\" srcset=\"https:\/\/www.immodev.ca\/wp-content\/uploads\/2024\/06\/Creationsdoz-09146_Final-carrejpg-1024x1024.jpg 1024w, https:\/\/www.immodev.ca\/wp-content\/uploads\/2024\/06\/Creationsdoz-09146_Final-carrejpg-300x300.jpg 300w, https:\/\/www.immodev.ca\/wp-content\/uploads\/2024\/06\/Creationsdoz-09146_Final-carrejpg-150x150.jpg 150w, https:\/\/www.immodev.ca\/wp-content\/uploads\/2024\/06\/Creationsdoz-09146_Final-carrejpg-768x768.jpg 768w, https:\/\/www.immodev.ca\/wp-content\/uploads\/2024\/06\/Creationsdoz-09146_Final-carrejpg-1536x1536.jpg 1536w, https:\/\/www.immodev.ca\/wp-content\/uploads\/2024\/06\/Creationsdoz-09146_Final-carrejpg-2048x2048.jpg 2048w\" sizes=\"(max-width: 800px) 100vw, 800px\" \/>\t\t\t\t\t\t\t\t\t\t\t\t\t\t\t<\/div>\n\t\t\t\t<\/div>\n\t\t\t\t\t<\/div>\n\t\t<\/div>\n\t\t\t\t\t<\/div>\n\t\t<\/section>\n\t\t\t\t\t<\/div>\n\t\t<\/div>\n\t\t\t\t\t<\/div>\n\t\t<\/section>\n\t\t\t\t<\/div>\n\t\t","protected":false},"excerpt":{"rendered":"<p>Executive assistantCaroline&#8217;s experience in management and administration is an undeniable asset in achieving the goals of our team, so that each project reaches our customers satisafaction. Proactive and positive, she takes charge of coordinating aspects of our clients real estate transactions. Caroline&#8217;s rigor and organizational skills are an asset in meeting your expectations. Her attention [&hellip;]<\/p>\n","protected":false},"author":1,"featured_media":0,"parent":17,"menu_order":0,"comment_status":"closed","ping_status":"closed","template":"","meta":{"footnotes":""},"class_list":["post-2693","page","type-page","status-publish","hentry"],"yoast_head":"<!-- This site is optimized with the Yoast SEO plugin v21.1 - https:\/\/yoast.com\/wordpress\/plugins\/seo\/ -->\n<title>Caroline Corriveau - Immodev Agence Immobili\u00e8re<\/title>\n<meta name=\"robots\" content=\"index, follow, max-snippet:-1, max-image-preview:large, max-video-preview:-1\" \/>\n<link rel=\"canonical\" href=\"https:\/\/www.immodev.ca\/en\/our-team\/caroline-corriveau\/\" \/>\n<meta property=\"og:locale\" content=\"en_US\" \/>\n<meta property=\"og:type\" content=\"article\" \/>\n<meta property=\"og:title\" content=\"Caroline Corriveau - Immodev Agence Immobili\u00e8re\" \/>\n<meta property=\"og:description\" content=\"Executive assistantCaroline&#8217;s experience in management and administration is an undeniable asset in achieving the goals of our team, so that each project reaches our customers satisafaction. Proactive and positive, she takes charge of coordinating aspects of our clients real estate transactions. Caroline&#8217;s rigor and organizational skills are an asset in meeting your expectations. Her attention [&hellip;]\" \/>\n<meta property=\"og:url\" content=\"https:\/\/www.immodev.ca\/en\/our-team\/caroline-corriveau\/\" \/>\n<meta property=\"og:site_name\" content=\"Immodev Agence Immobili\u00e8re\" \/>\n<meta property=\"article:publisher\" content=\"https:\/\/www.facebook.com\/Immodev-Agence-Immobiliere-Commerciale-225998007606236\/\" \/>\n<meta property=\"article:modified_time\" content=\"2024-06-05T16:33:36+00:00\" \/>\n<meta property=\"og:image\" content=\"https:\/\/www.immodev.ca\/wp-content\/uploads\/2024\/06\/Creationsdoz-09146_Final-carrejpg-1024x1024.jpg\" \/>\n<meta name=\"twitter:card\" content=\"summary_large_image\" \/>\n<meta name=\"twitter:label1\" content=\"Est. reading time\" \/>\n\t<meta name=\"twitter:data1\" content=\"1 minute\" \/>\n<script type=\"application\/ld+json\" class=\"yoast-schema-graph\">{\"@context\":\"https:\/\/schema.org\",\"@graph\":[{\"@type\":\"WebPage\",\"@id\":\"https:\/\/www.immodev.ca\/en\/our-team\/caroline-corriveau\/\",\"url\":\"https:\/\/www.immodev.ca\/en\/our-team\/caroline-corriveau\/\",\"name\":\"Caroline Corriveau - Immodev Agence Immobili\u00e8re\",\"isPartOf\":{\"@id\":\"https:\/\/www.immodev.ca\/en\/#website\"},\"datePublished\":\"2022-03-11T21:02:39+00:00\",\"dateModified\":\"2024-06-05T16:33:36+00:00\",\"breadcrumb\":{\"@id\":\"https:\/\/www.immodev.ca\/en\/our-team\/caroline-corriveau\/#breadcrumb\"},\"inLanguage\":\"en-US\",\"potentialAction\":[{\"@type\":\"ReadAction\",\"target\":[\"https:\/\/www.immodev.ca\/en\/our-team\/caroline-corriveau\/\"]}]},{\"@type\":\"BreadcrumbList\",\"@id\":\"https:\/\/www.immodev.ca\/en\/our-team\/caroline-corriveau\/#breadcrumb\",\"itemListElement\":[{\"@type\":\"ListItem\",\"position\":1,\"name\":\"Accueil\",\"item\":\"https:\/\/www.immodev.ca\/en\/\"},{\"@type\":\"ListItem\",\"position\":2,\"name\":\"Our team\",\"item\":\"https:\/\/www.immodev.ca\/en\/notre-equipe\/\"},{\"@type\":\"ListItem\",\"position\":3,\"name\":\"Caroline Corriveau\"}]},{\"@type\":\"WebSite\",\"@id\":\"https:\/\/www.immodev.ca\/en\/#website\",\"url\":\"https:\/\/www.immodev.ca\/en\/\",\"name\":\"Immodev Agence Immobili\u00e8re\",\"description\":\"La r\u00e9f\u00e9rence en immobilier commercial et industriel\",\"publisher\":{\"@id\":\"https:\/\/www.immodev.ca\/en\/#organization\"},\"potentialAction\":[{\"@type\":\"SearchAction\",\"target\":{\"@type\":\"EntryPoint\",\"urlTemplate\":\"https:\/\/www.immodev.ca\/en\/?s={search_term_string}\"},\"query-input\":\"required name=search_term_string\"}],\"inLanguage\":\"en-US\"},{\"@type\":\"Organization\",\"@id\":\"https:\/\/www.immodev.ca\/en\/#organization\",\"name\":\"IMMODEV Agence Immobili\u00e8re Commercial - Industriel\",\"url\":\"https:\/\/www.immodev.ca\/en\/\",\"logo\":{\"@type\":\"ImageObject\",\"inLanguage\":\"en-US\",\"@id\":\"https:\/\/www.immodev.ca\/en\/#\/schema\/logo\/image\/\",\"url\":\"https:\/\/www.immodev.ca\/wp-content\/uploads\/2022\/03\/Immodev-siteweb-logo-noir.svg\",\"contentUrl\":\"https:\/\/www.immodev.ca\/wp-content\/uploads\/2022\/03\/Immodev-siteweb-logo-noir.svg\",\"width\":477,\"height\":157,\"caption\":\"IMMODEV Agence Immobili\u00e8re Commercial - Industriel\"},\"image\":{\"@id\":\"https:\/\/www.immodev.ca\/en\/#\/schema\/logo\/image\/\"},\"sameAs\":[\"https:\/\/www.facebook.com\/Immodev-Agence-Immobiliere-Commerciale-225998007606236\/\",\"https:\/\/www.linkedin.com\/company\/immodev-agence-immobiliere\/\"]}]}<\/script>\n<!-- \/ Yoast SEO plugin. -->","yoast_head_json":{"title":"Caroline Corriveau - Immodev Agence Immobili\u00e8re","robots":{"index":"index","follow":"follow","max-snippet":"max-snippet:-1","max-image-preview":"max-image-preview:large","max-video-preview":"max-video-preview:-1"},"canonical":"https:\/\/www.immodev.ca\/en\/our-team\/caroline-corriveau\/","og_locale":"en_US","og_type":"article","og_title":"Caroline Corriveau - Immodev Agence Immobili\u00e8re","og_description":"Executive assistantCaroline&#8217;s experience in management and administration is an undeniable asset in achieving the goals of our team, so that each project reaches our customers satisafaction. Proactive and positive, she takes charge of coordinating aspects of our clients real estate transactions. Caroline&#8217;s rigor and organizational skills are an asset in meeting your expectations. Her attention [&hellip;]","og_url":"https:\/\/www.immodev.ca\/en\/our-team\/caroline-corriveau\/","og_site_name":"Immodev Agence Immobili\u00e8re","article_publisher":"https:\/\/www.facebook.com\/Immodev-Agence-Immobiliere-Commerciale-225998007606236\/","article_modified_time":"2024-06-05T16:33:36+00:00","og_image":[{"url":"https:\/\/www.immodev.ca\/wp-content\/uploads\/2024\/06\/Creationsdoz-09146_Final-carrejpg-1024x1024.jpg"}],"twitter_card":"summary_large_image","twitter_misc":{"Est. reading time":"1 minute"},"schema":{"@context":"https:\/\/schema.org","@graph":[{"@type":"WebPage","@id":"https:\/\/www.immodev.ca\/en\/our-team\/caroline-corriveau\/","url":"https:\/\/www.immodev.ca\/en\/our-team\/caroline-corriveau\/","name":"Caroline Corriveau - Immodev Agence Immobili\u00e8re","isPartOf":{"@id":"https:\/\/www.immodev.ca\/en\/#website"},"datePublished":"2022-03-11T21:02:39+00:00","dateModified":"2024-06-05T16:33:36+00:00","breadcrumb":{"@id":"https:\/\/www.immodev.ca\/en\/our-team\/caroline-corriveau\/#breadcrumb"},"inLanguage":"en-US","potentialAction":[{"@type":"ReadAction","target":["https:\/\/www.immodev.ca\/en\/our-team\/caroline-corriveau\/"]}]},{"@type":"BreadcrumbList","@id":"https:\/\/www.immodev.ca\/en\/our-team\/caroline-corriveau\/#breadcrumb","itemListElement":[{"@type":"ListItem","position":1,"name":"Accueil","item":"https:\/\/www.immodev.ca\/en\/"},{"@type":"ListItem","position":2,"name":"Our team","item":"https:\/\/www.immodev.ca\/en\/notre-equipe\/"},{"@type":"ListItem","position":3,"name":"Caroline Corriveau"}]},{"@type":"WebSite","@id":"https:\/\/www.immodev.ca\/en\/#website","url":"https:\/\/www.immodev.ca\/en\/","name":"Immodev Agence Immobili\u00e8re","description":"La r\u00e9f\u00e9rence en immobilier commercial et industriel","publisher":{"@id":"https:\/\/www.immodev.ca\/en\/#organization"},"potentialAction":[{"@type":"SearchAction","target":{"@type":"EntryPoint","urlTemplate":"https:\/\/www.immodev.ca\/en\/?s={search_term_string}"},"query-input":"required name=search_term_string"}],"inLanguage":"en-US"},{"@type":"Organization","@id":"https:\/\/www.immodev.ca\/en\/#organization","name":"IMMODEV Agence Immobili\u00e8re Commercial - Industriel","url":"https:\/\/www.immodev.ca\/en\/","logo":{"@type":"ImageObject","inLanguage":"en-US","@id":"https:\/\/www.immodev.ca\/en\/#\/schema\/logo\/image\/","url":"https:\/\/www.immodev.ca\/wp-content\/uploads\/2022\/03\/Immodev-siteweb-logo-noir.svg","contentUrl":"https:\/\/www.immodev.ca\/wp-content\/uploads\/2022\/03\/Immodev-siteweb-logo-noir.svg","width":477,"height":157,"caption":"IMMODEV Agence Immobili\u00e8re Commercial - Industriel"},"image":{"@id":"https:\/\/www.immodev.ca\/en\/#\/schema\/logo\/image\/"},"sameAs":["https:\/\/www.facebook.com\/Immodev-Agence-Immobiliere-Commerciale-225998007606236\/","https:\/\/www.linkedin.com\/company\/immodev-agence-immobiliere\/"]}]}},"_links":{"self":[{"href":"https:\/\/www.immodev.ca\/en\/wp-json\/wp\/v2\/pages\/2693","targetHints":{"allow":["GET"]}}],"collection":[{"href":"https:\/\/www.immodev.ca\/en\/wp-json\/wp\/v2\/pages"}],"about":[{"href":"https:\/\/www.immodev.ca\/en\/wp-json\/wp\/v2\/types\/page"}],"author":[{"embeddable":true,"href":"https:\/\/www.immodev.ca\/en\/wp-json\/wp\/v2\/users\/1"}],"replies":[{"embeddable":true,"href":"https:\/\/www.immodev.ca\/en\/wp-json\/wp\/v2\/comments?post=2693"}],"version-history":[{"count":4,"href":"https:\/\/www.immodev.ca\/en\/wp-json\/wp\/v2\/pages\/2693\/revisions"}],"predecessor-version":[{"id":3521,"href":"https:\/\/www.immodev.ca\/en\/wp-json\/wp\/v2\/pages\/2693\/revisions\/3521"}],"up":[{"embeddable":true,"href":"https:\/\/www.immodev.ca\/en\/wp-json\/wp\/v2\/pages\/17"}],"wp:attachment":[{"href":"https:\/\/www.immodev.ca\/en\/wp-json\/wp\/v2\/media?parent=2693"}],"curies":[{"name":"wp","href":"https:\/\/api.w.org\/{rel}","templated":true}]}}