{"id":2115,"date":"2022-02-28T16:55:12","date_gmt":"2022-02-28T16:55:12","guid":{"rendered":"https:\/\/immodev.cp03.id-3.net\/tools\/calculator\/"},"modified":"2022-03-01T18:16:07","modified_gmt":"2022-03-01T18:16:07","slug":"calculator","status":"publish","type":"page","link":"https:\/\/www.immodev.ca\/en\/tools\/calculator\/","title":{"rendered":"Calculator"},"content":{"rendered":"\t\t<div data-elementor-type=\"wp-page\" data-elementor-id=\"2115\" class=\"elementor elementor-2115\" data-elementor-post-type=\"page\">\n\t\t\t\t\t\t<section class=\"elementor-section elementor-top-section elementor-element elementor-element-bac8fea elementor-section-height-min-height elementor-section-boxed elementor-section-height-default elementor-section-items-middle\" data-id=\"bac8fea\" data-element_type=\"section\" data-settings=\"{&quot;background_background&quot;:&quot;classic&quot;}\">\n\t\t\t\t\t\t\t<div class=\"elementor-background-overlay\"><\/div>\n\t\t\t\t\t\t\t<div class=\"elementor-container elementor-column-gap-default\">\n\t\t\t\t\t<div class=\"elementor-column elementor-col-100 elementor-top-column elementor-element elementor-element-3f9b3f6\" data-id=\"3f9b3f6\" data-element_type=\"column\">\n\t\t\t<div class=\"elementor-widget-wrap elementor-element-populated\">\n\t\t\t\t\t\t<div class=\"elementor-element elementor-element-7bf815f elementor-widget elementor-widget-text-editor\" data-id=\"7bf815f\" data-element_type=\"widget\" data-widget_type=\"text-editor.default\">\n\t\t\t\t<div class=\"elementor-widget-container\">\n\t\t\t\t\t\t\t\t\t<p>The Reference in Real Estate<\/p>\n\t\t\t\t\t\t\t\t<\/div>\n\t\t\t\t<\/div>\n\t\t\t\t<div class=\"elementor-element elementor-element-6fdf145 elementor-widget elementor-widget-heading\" data-id=\"6fdf145\" data-element_type=\"widget\" data-widget_type=\"heading.default\">\n\t\t\t\t<div class=\"elementor-widget-container\">\n\t\t\t\t\t<h1 class=\"elementor-heading-title elementor-size-default\">Calculator<\/h1>\t\t\t\t<\/div>\n\t\t\t\t<\/div>\n\t\t\t\t\t<\/div>\n\t\t<\/div>\n\t\t\t\t\t<\/div>\n\t\t<\/section>\n\t\t\t\t<section class=\"elementor-section elementor-top-section elementor-element elementor-element-0ccf649 elementor-section-boxed elementor-section-height-default elementor-section-height-default\" data-id=\"0ccf649\" data-element_type=\"section\">\n\t\t\t\t\t\t<div class=\"elementor-container elementor-column-gap-default\">\n\t\t\t\t\t<div class=\"elementor-column elementor-col-33 elementor-top-column elementor-element elementor-element-65d5954 elementor-hidden-mobile\" data-id=\"65d5954\" data-element_type=\"column\">\n\t\t\t<div class=\"elementor-widget-wrap elementor-element-populated\">\n\t\t\t\t\t\t<div class=\"elementor-element elementor-element-20445e9 elementor-widget__width-initial elementor-widget elementor-widget-image\" data-id=\"20445e9\" data-element_type=\"widget\" data-settings=\"{&quot;sticky&quot;:&quot;top&quot;,&quot;sticky_offset&quot;:250,&quot;sticky_effects_offset&quot;:100,&quot;sticky_parent&quot;:&quot;yes&quot;,&quot;sticky_on&quot;:[&quot;desktop&quot;,&quot;tablet&quot;,&quot;mobile&quot;],&quot;sticky_anchor_link_offset&quot;:0}\" data-widget_type=\"image.default\">\n\t\t\t\t<div class=\"elementor-widget-container\">\n\t\t\t\t\t\t\t\t\t\t\t\t\t\t\t<img decoding=\"async\" width=\"1\" height=\"1\" src=\"https:\/\/www.immodev.ca\/wp-content\/uploads\/2022\/02\/Immodev-siteweb-icone-building.svg\" class=\"attachment-medium_large size-medium_large wp-image-2097\" alt=\"\" \/>\t\t\t\t\t\t\t\t\t\t\t\t\t\t\t<\/div>\n\t\t\t\t<\/div>\n\t\t\t\t\t<\/div>\n\t\t<\/div>\n\t\t\t\t<div class=\"elementor-column elementor-col-66 elementor-top-column elementor-element elementor-element-fe83db7 service__grandTitre\" data-id=\"fe83db7\" data-element_type=\"column\">\n\t\t\t<div class=\"elementor-widget-wrap elementor-element-populated\">\n\t\t\t\t\t\t<div class=\"elementor-element elementor-element-789fc7c elementor-widget elementor-widget-shortcode\" data-id=\"789fc7c\" data-element_type=\"widget\" id=\"calculatrice__cus\" data-widget_type=\"shortcode.default\">\n\t\t\t\t<div class=\"elementor-widget-container\">\n\t\t\t\t\t\t\t<div class=\"elementor-shortcode\"><div class=\"si\"><si-calculator mode=\"standalone\"><\/si-calculator><\/div><\/div>\n\t\t\t\t\t\t<\/div>\n\t\t\t\t<\/div>\n\t\t\t\t\t<\/div>\n\t\t<\/div>\n\t\t\t\t\t<\/div>\n\t\t<\/section>\n\t\t\t\t<\/div>\n\t\t","protected":false},"excerpt":{"rendered":"<p>The Reference in Real Estate Calculator<\/p>\n","protected":false},"author":1,"featured_media":0,"parent":1873,"menu_order":0,"comment_status":"closed","ping_status":"closed","template":"","meta":{"footnotes":""},"class_list":["post-2115","page","type-page","status-publish","hentry"],"yoast_head":"<!-- This site is optimized with the Yoast SEO plugin v21.1 - https:\/\/yoast.com\/wordpress\/plugins\/seo\/ -->\n<title>Calculator - Immodev Agence Immobili\u00e8re<\/title>\n<meta name=\"robots\" content=\"index, follow, max-snippet:-1, max-image-preview:large, max-video-preview:-1\" \/>\n<link rel=\"canonical\" href=\"https:\/\/www.immodev.ca\/en\/tools\/calculator\/\" \/>\n<meta property=\"og:locale\" content=\"en_US\" \/>\n<meta property=\"og:type\" content=\"article\" \/>\n<meta property=\"og:title\" content=\"Calculator - Immodev Agence Immobili\u00e8re\" \/>\n<meta property=\"og:description\" content=\"The Reference in Real Estate Calculator\" \/>\n<meta property=\"og:url\" content=\"https:\/\/www.immodev.ca\/en\/tools\/calculator\/\" \/>\n<meta property=\"og:site_name\" content=\"Immodev Agence Immobili\u00e8re\" \/>\n<meta property=\"article:publisher\" content=\"https:\/\/www.facebook.com\/Immodev-Agence-Immobiliere-Commerciale-225998007606236\/\" \/>\n<meta property=\"article:modified_time\" content=\"2022-03-01T18:16:07+00:00\" \/>\n<meta property=\"og:image\" content=\"https:\/\/immodev.ca\/wp-content\/uploads\/2022\/02\/Immodev-siteweb-icone-building.svg\" \/>\n<meta name=\"twitter:card\" content=\"summary_large_image\" \/>\n<script type=\"application\/ld+json\" class=\"yoast-schema-graph\">{\"@context\":\"https:\/\/schema.org\",\"@graph\":[{\"@type\":\"WebPage\",\"@id\":\"https:\/\/www.immodev.ca\/en\/tools\/calculator\/\",\"url\":\"https:\/\/www.immodev.ca\/en\/tools\/calculator\/\",\"name\":\"Calculator - Immodev Agence Immobili\u00e8re\",\"isPartOf\":{\"@id\":\"https:\/\/www.immodev.ca\/en\/#website\"},\"datePublished\":\"2022-02-28T16:55:12+00:00\",\"dateModified\":\"2022-03-01T18:16:07+00:00\",\"breadcrumb\":{\"@id\":\"https:\/\/www.immodev.ca\/en\/tools\/calculator\/#breadcrumb\"},\"inLanguage\":\"en-US\",\"potentialAction\":[{\"@type\":\"ReadAction\",\"target\":[\"https:\/\/www.immodev.ca\/en\/tools\/calculator\/\"]}]},{\"@type\":\"BreadcrumbList\",\"@id\":\"https:\/\/www.immodev.ca\/en\/tools\/calculator\/#breadcrumb\",\"itemListElement\":[{\"@type\":\"ListItem\",\"position\":1,\"name\":\"Accueil\",\"item\":\"https:\/\/www.immodev.ca\/en\/\"},{\"@type\":\"ListItem\",\"position\":2,\"name\":\"Tools\",\"item\":\"https:\/\/www.immodev.ca\/en\/outils\/\"},{\"@type\":\"ListItem\",\"position\":3,\"name\":\"Calculator\"}]},{\"@type\":\"WebSite\",\"@id\":\"https:\/\/www.immodev.ca\/en\/#website\",\"url\":\"https:\/\/www.immodev.ca\/en\/\",\"name\":\"Immodev Agence Immobili\u00e8re\",\"description\":\"La r\u00e9f\u00e9rence en immobilier commercial et industriel\",\"publisher\":{\"@id\":\"https:\/\/www.immodev.ca\/en\/#organization\"},\"potentialAction\":[{\"@type\":\"SearchAction\",\"target\":{\"@type\":\"EntryPoint\",\"urlTemplate\":\"https:\/\/www.immodev.ca\/en\/?s={search_term_string}\"},\"query-input\":\"required name=search_term_string\"}],\"inLanguage\":\"en-US\"},{\"@type\":\"Organization\",\"@id\":\"https:\/\/www.immodev.ca\/en\/#organization\",\"name\":\"IMMODEV Agence Immobili\u00e8re Commercial - Industriel\",\"url\":\"https:\/\/www.immodev.ca\/en\/\",\"logo\":{\"@type\":\"ImageObject\",\"inLanguage\":\"en-US\",\"@id\":\"https:\/\/www.immodev.ca\/en\/#\/schema\/logo\/image\/\",\"url\":\"https:\/\/www.immodev.ca\/wp-content\/uploads\/2022\/03\/Immodev-siteweb-logo-noir.svg\",\"contentUrl\":\"https:\/\/www.immodev.ca\/wp-content\/uploads\/2022\/03\/Immodev-siteweb-logo-noir.svg\",\"width\":477,\"height\":157,\"caption\":\"IMMODEV Agence Immobili\u00e8re Commercial - Industriel\"},\"image\":{\"@id\":\"https:\/\/www.immodev.ca\/en\/#\/schema\/logo\/image\/\"},\"sameAs\":[\"https:\/\/www.facebook.com\/Immodev-Agence-Immobiliere-Commerciale-225998007606236\/\",\"https:\/\/www.linkedin.com\/company\/immodev-agence-immobiliere\/\"]}]}<\/script>\n<!-- \/ Yoast SEO plugin. -->","yoast_head_json":{"title":"Calculator - Immodev Agence Immobili\u00e8re","robots":{"index":"index","follow":"follow","max-snippet":"max-snippet:-1","max-image-preview":"max-image-preview:large","max-video-preview":"max-video-preview:-1"},"canonical":"https:\/\/www.immodev.ca\/en\/tools\/calculator\/","og_locale":"en_US","og_type":"article","og_title":"Calculator - Immodev Agence Immobili\u00e8re","og_description":"The Reference in Real Estate Calculator","og_url":"https:\/\/www.immodev.ca\/en\/tools\/calculator\/","og_site_name":"Immodev Agence Immobili\u00e8re","article_publisher":"https:\/\/www.facebook.com\/Immodev-Agence-Immobiliere-Commerciale-225998007606236\/","article_modified_time":"2022-03-01T18:16:07+00:00","og_image":[{"url":"https:\/\/immodev.ca\/wp-content\/uploads\/2022\/02\/Immodev-siteweb-icone-building.svg"}],"twitter_card":"summary_large_image","schema":{"@context":"https:\/\/schema.org","@graph":[{"@type":"WebPage","@id":"https:\/\/www.immodev.ca\/en\/tools\/calculator\/","url":"https:\/\/www.immodev.ca\/en\/tools\/calculator\/","name":"Calculator - Immodev Agence Immobili\u00e8re","isPartOf":{"@id":"https:\/\/www.immodev.ca\/en\/#website"},"datePublished":"2022-02-28T16:55:12+00:00","dateModified":"2022-03-01T18:16:07+00:00","breadcrumb":{"@id":"https:\/\/www.immodev.ca\/en\/tools\/calculator\/#breadcrumb"},"inLanguage":"en-US","potentialAction":[{"@type":"ReadAction","target":["https:\/\/www.immodev.ca\/en\/tools\/calculator\/"]}]},{"@type":"BreadcrumbList","@id":"https:\/\/www.immodev.ca\/en\/tools\/calculator\/#breadcrumb","itemListElement":[{"@type":"ListItem","position":1,"name":"Accueil","item":"https:\/\/www.immodev.ca\/en\/"},{"@type":"ListItem","position":2,"name":"Tools","item":"https:\/\/www.immodev.ca\/en\/outils\/"},{"@type":"ListItem","position":3,"name":"Calculator"}]},{"@type":"WebSite","@id":"https:\/\/www.immodev.ca\/en\/#website","url":"https:\/\/www.immodev.ca\/en\/","name":"Immodev Agence Immobili\u00e8re","description":"La r\u00e9f\u00e9rence en immobilier commercial et industriel","publisher":{"@id":"https:\/\/www.immodev.ca\/en\/#organization"},"potentialAction":[{"@type":"SearchAction","target":{"@type":"EntryPoint","urlTemplate":"https:\/\/www.immodev.ca\/en\/?s={search_term_string}"},"query-input":"required name=search_term_string"}],"inLanguage":"en-US"},{"@type":"Organization","@id":"https:\/\/www.immodev.ca\/en\/#organization","name":"IMMODEV Agence Immobili\u00e8re Commercial - Industriel","url":"https:\/\/www.immodev.ca\/en\/","logo":{"@type":"ImageObject","inLanguage":"en-US","@id":"https:\/\/www.immodev.ca\/en\/#\/schema\/logo\/image\/","url":"https:\/\/www.immodev.ca\/wp-content\/uploads\/2022\/03\/Immodev-siteweb-logo-noir.svg","contentUrl":"https:\/\/www.immodev.ca\/wp-content\/uploads\/2022\/03\/Immodev-siteweb-logo-noir.svg","width":477,"height":157,"caption":"IMMODEV Agence Immobili\u00e8re Commercial - Industriel"},"image":{"@id":"https:\/\/www.immodev.ca\/en\/#\/schema\/logo\/image\/"},"sameAs":["https:\/\/www.facebook.com\/Immodev-Agence-Immobiliere-Commerciale-225998007606236\/","https:\/\/www.linkedin.com\/company\/immodev-agence-immobiliere\/"]}]}},"_links":{"self":[{"href":"https:\/\/www.immodev.ca\/en\/wp-json\/wp\/v2\/pages\/2115","targetHints":{"allow":["GET"]}}],"collection":[{"href":"https:\/\/www.immodev.ca\/en\/wp-json\/wp\/v2\/pages"}],"about":[{"href":"https:\/\/www.immodev.ca\/en\/wp-json\/wp\/v2\/types\/page"}],"author":[{"embeddable":true,"href":"https:\/\/www.immodev.ca\/en\/wp-json\/wp\/v2\/users\/1"}],"replies":[{"embeddable":true,"href":"https:\/\/www.immodev.ca\/en\/wp-json\/wp\/v2\/comments?post=2115"}],"version-history":[{"count":2,"href":"https:\/\/www.immodev.ca\/en\/wp-json\/wp\/v2\/pages\/2115\/revisions"}],"predecessor-version":[{"id":2373,"href":"https:\/\/www.immodev.ca\/en\/wp-json\/wp\/v2\/pages\/2115\/revisions\/2373"}],"up":[{"embeddable":true,"href":"https:\/\/www.immodev.ca\/en\/wp-json\/wp\/v2\/pages\/1873"}],"wp:attachment":[{"href":"https:\/\/www.immodev.ca\/en\/wp-json\/wp\/v2\/media?parent=2115"}],"curies":[{"name":"wp","href":"https:\/\/api.w.org\/{rel}","templated":true}]}}